{"id":183,"date":"2024-02-04T20:23:45","date_gmt":"2024-02-04T18:23:45","guid":{"rendered":"https:\/\/kuvataideterapia.fi\/?page_id=183"},"modified":"2024-02-27T13:24:15","modified_gmt":"2024-02-27T11:24:15","slug":"tietosuojaseloste","status":"publish","type":"page","link":"https:\/\/kuvataideterapia.fi\/index.php\/tietosuojaseloste\/","title":{"rendered":"Tietosuojaseloste"},"content":{"rendered":"<div data-colibri-id=\"183-c1\" class=\"style-599 style-local-183-c1 position-relative\">\n  <!---->\n  <div data-colibri-component=\"section\" data-colibri-id=\"183-c2\" id=\"custom\" class=\"h-section h-section-global-spacing d-flex align-items-lg-center align-items-md-center align-items-center style-600 style-local-183-c2 position-relative\">\n    <!---->\n    <!---->\n    <div class=\"h-section-grid-container h-section-boxed-container\">\n      <!---->\n      <div data-colibri-id=\"183-c3\" class=\"h-row-container gutters-row-lg-0 gutters-row-md-0 gutters-row-0 gutters-row-v-lg-0 gutters-row-v-md-0 gutters-row-v-0 style-601 style-local-183-c3 position-relative\">\n        <!---->\n        <div class=\"h-row justify-content-lg-center justify-content-md-center justify-content-center align-items-lg-center align-items-md-center align-items-center gutters-col-lg-0 gutters-col-md-0 gutters-col-0 gutters-col-v-lg-0 gutters-col-v-md-0 gutters-col-v-0\">\n          <!---->\n          <div class=\"h-column h-column-container d-flex h-col-lg-auto h-col-md-auto h-col-auto align-self-lg-center align-self-md-center align-self-center style-602-outer style-local-183-c4-outer\">\n            <div data-colibri-id=\"183-c4\" class=\"d-flex h-flex-basis h-column__inner h-px-lg-0 h-px-md-0 h-px-0 v-inner-lg-0 v-inner-md-0 v-inner-0 style-602 style-local-183-c4 position-relative\">\n              <!---->\n              <!---->\n              <div class=\"w-100 h-y-container h-column__content h-column__v-align flex-basis-100 align-self-lg-start align-self-md-start align-self-start\">\n                <!---->\n                <div data-colibri-id=\"183-c5\" class=\"h-text h-text-component style-603 style-local-183-c5 position-relative h-element\">\n                  <!---->\n                  <!---->\n                  <div class=\"\">\n                    <h1><strong><br>Osuuskunta Lilithin tietosuojaseloste<\/strong><\/h1>\n                    <p><span style=\"color: rgb(153, 153, 153); font-size: var(--he-font-size--smaller);\">24.5.2018&nbsp;&nbsp;<\/span>\n                      <a href=\"https:\/\/www.lilith.fi\/category\/ajankohtaista\" rel=\"category tag\" style=\"color: rgb(153, 153, 153); font-size: 16px;\"\n                        class=\"customize-unpreviewable\">Ajankohtaista<\/a>\n                    <\/p>\n                    <p>L<\/p>\n                    <h2><strong>EU:n yleisen tietosuoja-asetuksen (679\/2016) mukainen versio<\/strong><\/h2>\n                    <h3><strong>Rekisterinpit\u00e4j\u00e4<\/strong><\/h3>\n                    <p>Osuuskunta Lilith\n                      <br>Y-tunnus: 10838833-5\n                      <br>Osoite: Rihkamakatu 4 A, 06100 Porvoo\n                      <br>Puh.: +358 (0) 45 617 4114\n                      <br>S\u00e4hk\u00f6posti: lilith@lilith.fi<\/p>\n                    <h3><strong>Tietosuoja-asioista vastaava yhteyshenkil\u00f6<\/strong><\/h3>\n                    <p>Tommi Viitamies<\/p>\n                    <h3><strong>Henkil\u00f6rekisterin nimi<\/strong><\/h3>\n                    <p>Asiakasrekisteri<\/p>\n                    <h3><strong>Rekisterin sis\u00e4lt\u00e4m\u00e4t tiedot<\/strong><\/h3>\n                    <p>Henkil\u00f6n nimi\n                      <br>Laskutusosoite\n                      <br>Puhelinnumero\n                      <br>S\u00e4hk\u00f6postiosoite<\/p>\n                    <h3><strong>Henkil\u00f6tietojen k\u00e4sittelyn peruste ja tarkoitus<\/strong><\/h3>\n                    <p>Henkil\u00f6tietojen k\u00e4sittelyn oikeusperusteena on:<\/p>\n                    <p>\u2013 Rekister\u00f6idyn ja rekisterinpit\u00e4j\u00e4n v\u00e4linen sopimussuhde\n                      <br>\u2013&nbsp;Rekisterinpit\u00e4j\u00e4n oikeutettu etu, joka perustuu rekister\u00f6idyn ja rekisterinpit\u00e4j\u00e4n v\u00e4liseen\n                      <br>asiakassuhteeseen<\/p>\n                    <p>Henkil\u00f6tietojen k\u00e4sittelyn tarkoitus on yhteydenpito rekister\u00f6idyn ja rekisterinpit\u00e4j\u00e4n kesken n\u00e4iden\n                      <br>v\u00e4lisen verkkokauppatilauksen t\u00e4yt\u00e4nt\u00f6\u00f6n panemiseksi.<\/p>\n                    <h3><strong>S\u00e4\u00e4nn\u00f6nmukaiset tietol\u00e4hteet<\/strong><\/h3>\n                    <p>Henkil\u00f6rekisteriin merkitt\u00e4vi\u00e4 tietoja saadaan s\u00e4\u00e4nn\u00f6nmukaisesti seuraavista l\u00e4hteist\u00e4:<\/p>\n                    <p>\u2013 rekister\u00f6idylt\u00e4 itselt\u00e4\u00e4n<\/p>\n                    <h3><strong>Henkil\u00f6tietojen luovuttaminen<\/strong><\/h3>\n                    <p>Henkil\u00f6tietoja ei s\u00e4\u00e4nn\u00f6nmukaisesti luovuteta. Henkil\u00f6tietoja ei n\u00e4in ollen my\u00f6sk\u00e4\u00e4n siirret\u00e4 EU:n\n                      <br>ja Euroopan talousalueen ulkopuolelle.<\/p>\n                    <p>Tietoja voidaan kuitenkin luovuttaa esimerkiksi viranomaisille lakiin perustuvan vaatimuksen\n                      <br>perusteella.<\/p>\n                    <h3><strong>Henkil\u00f6tietojen suojaus<\/strong><\/h3>\n                    <p>Henkil\u00f6tiedot on suojattu rekisterinpit\u00e4j\u00e4n ja k\u00e4sittelij\u00f6iden tietokannoissa palomuurein, salasanoin\n                      <br>ja muilla teknisill\u00e4 keinoilla. Tietokannat ja niiden varmuuskopiot sijaitsevat lukituissa tiloissa, ja\n                      <br>tietoihin p\u00e4\u00e4sev\u00e4t k\u00e4siksi vain tietyt, ennalta nimetyt henkil\u00f6t.<\/p>\n                    <h3><strong>Tietojen s\u00e4ilytysaika<\/strong><\/h3>\n                    <p>Asiakkuuden kesto<\/p>\n                    <h3><strong>Profilointi<\/strong><\/h3>\n                    <p>Henkil\u00f6tietoja ei k\u00e4ytet\u00e4 profilointiin tai muuhun automaattiseen p\u00e4\u00e4t\u00f6ksentekoon.<\/p>\n                    <h3><strong>Suoramarkkinointi<\/strong><\/h3>\n                    <p>Henkil\u00f6tietoja ei k\u00e4ytet\u00e4 suoramarkkinointiin.<\/p>\n                    <h3><strong>Rekister\u00f6idyn oikeudet<\/strong><\/h3>\n                    <p><em style=\"font-weight: 400;\">Oikeus saada p\u00e4\u00e4sy henkil\u00f6tietoihin<\/em><\/p>\n                    <p>Rekister\u00f6idyll\u00e4 on oikeus saada vahvistus, siit\u00e4 k\u00e4sitell\u00e4\u00e4nk\u00f6 h\u00e4nt\u00e4 koskevia henkil\u00f6tietoja, ja jos\n                      <br>k\u00e4sitell\u00e4\u00e4n, oikeus saada kopio henkil\u00f6tiedoistaan.<\/p>\n                    <p><em style=\"font-weight: 400;\">Oikeus tietojen oikaisemiseen<\/em><\/p>\n                    <p>Rekister\u00f6idyll\u00e4 on oikeus pyyt\u00e4\u00e4, ett\u00e4 h\u00e4nt\u00e4 koskevat ep\u00e4tarkat ja virheelliset henkil\u00f6tiedot\n                      <br>korjataan. Rekister\u00f6idyll\u00e4 on my\u00f6s oikeus saada puutteelliset henkil\u00f6tiedot t\u00e4ydennetty\u00e4\n                      <br>toimittamalla tarvittavat lis\u00e4tiedot.<\/p>\n                    <p><em style=\"font-weight: 400;\">Oikeus tietojen poistamiseen<\/em><\/p>\n                    <p>Rekister\u00f6idyll\u00e4 on oikeus pyyt\u00e4\u00e4 itse\u00e4\u00e4n koskevien henkil\u00f6tietojen poistamista, jos<\/p>\n                    <p>a. henkil\u00f6tietoja ei en\u00e4\u00e4 tarvita niihin tarkoituksiin, joita varten ne on ker\u00e4tty; tai<\/p>\n                    <p>b. henkil\u00f6tietoja on k\u00e4sitelty lainvastaisesti.<\/p>\n                    <p><em style=\"font-weight: 400;\">Oikeus k\u00e4sittelyn rajoittamiseen<\/em><\/p>\n                    <p>Rekister\u00f6idyll\u00e4 on oikeus rajoittaa itse\u00e4\u00e4n koskevien henkil\u00f6tietojen k\u00e4sittely\u00e4, jos<\/p>\n                    <p>a. rekister\u00f6ity kiist\u00e4\u00e4 henkil\u00f6tietojensa paikkansapit\u00e4vyyden;<\/p>\n                    <p>b. k\u00e4sittely on lainvastaista, ja rekister\u00f6ity vastustaa henkil\u00f6tietojensa poistamista ja vaatii sen\n                      <br>sijaan niiden k\u00e4yt\u00f6n rajoittamista; tai<\/p>\n                    <p>c. rekisterinpit\u00e4j\u00e4 ei en\u00e4\u00e4 tarvitse henkil\u00f6tietoja k\u00e4sittelyn alkuper\u00e4isiin tarkoituksiin, mutta\n                      <br>rekister\u00f6ity tarvitsee niit\u00e4 oikeudellisen vaateen laatimiseksi, esitt\u00e4miseksi tai puolustamiseksi.<\/p>\n                    <p><em style=\"font-weight: 400;\">Vastustamisoikeus<\/em><\/p>\n                    <p>Rekister\u00f6idyll\u00e4 on oikeus henkil\u00f6kohtaiseen erityiseen tilanteeseensa liittyv\u00e4ll\u00e4 perusteella milloin\n                      <br>tahansa vastustaa h\u00e4nt\u00e4 koskevien henkil\u00f6tietojen k\u00e4sittely\u00e4.<\/p>\n                    <p>Rekisterinpit\u00e4j\u00e4 ei saa en\u00e4\u00e4 k\u00e4sitell\u00e4 rekister\u00f6idyn henkil\u00f6tietoja, paitsi jos rekisterinpit\u00e4j\u00e4 voi\n                      <br>osoittaa, ett\u00e4 k\u00e4sittelyyn on olemassa huomattavan t\u00e4rke\u00e4 ja perusteltu syy, joka syrj\u00e4ytt\u00e4\u00e4\n                      <br>rekister\u00f6idyn edut, oikeudet ja vapaudet, tai jos se on tarpeen oikeusvaateen laatimiseksi,\n                      <br>esitt\u00e4miseksi tai puolustamiseksi.<\/p>\n                    <p>Jos henkil\u00f6tietoja k\u00e4sitell\u00e4\u00e4n suoramarkkinointia varten, rekister\u00f6idyll\u00e4 on oikeus milloin tahansa\n                      <br>vastustaa h\u00e4nt\u00e4 koskevien henkil\u00f6tietojen k\u00e4sittely\u00e4 t\u00e4llaista markkinointia varten, mukaan lukien\n                      <br>profilointia silloin kun se liittyy t\u00e4llaiseen suoramarkkinointiin.<\/p>\n                    <p><em style=\"font-weight: 400;\">Oikeus siirt\u00e4\u00e4 tiedot j\u00e4rjestelm\u00e4st\u00e4 toiseen<\/em><\/p>\n                    <p>Rekister\u00f6idyll\u00e4 on oikeus saada h\u00e4nt\u00e4 koskevat ja h\u00e4nen itsens\u00e4 toimittamat henkil\u00f6tiedot\n                      <br>j\u00e4sennellyss\u00e4, yleisesti k\u00e4yt\u00f6ss\u00e4 ja koneellisesti luettavassa muodossa ja oikeus siirt\u00e4\u00e4 kyseiset\n                      <br>tiedot toiselle rekisterinpit\u00e4j\u00e4lle.<\/p>\n                    <p><em style=\"font-weight: 400;\">Oikeus tehd\u00e4 valitus valvontaviranomaisille<\/em><\/p>\n                    <p>Henkil\u00f6tietoasioiden kansallisena valvontaviranomaisena on oikeusministeri\u00f6n yhteydess\u00e4 toimiva\n                      <br>tietosuojavaltuutettu. Sinulla on oikeus saattaa asiasi valvontaviranomaisen k\u00e4sitelt\u00e4v\u00e4ksi, jos\n                      <br>katsot, ett\u00e4 sinua koskevien henkil\u00f6tietojen k\u00e4sittelyss\u00e4 rikotaan sit\u00e4 koskevaa lains\u00e4\u00e4d\u00e4nt\u00f6\u00e4.<\/p>\n                    <h3><strong>Yhteydenotot<\/strong><\/h3>\n                    <p>Kaikissa henkil\u00f6tietojen k\u00e4sittelyyn liittyviss\u00e4 kysymyksiss\u00e4 ja omien oikeuksien k\u00e4ytt\u00e4miseen\n                      <br>liittyviss\u00e4 tilanteissa rekister\u00f6idyn tulee ottaa yhteytt\u00e4 rekisteriasioista vastaavaan yhteyshenkil\u00f6\u00f6n\n                      <br>s\u00e4hk\u00f6postitse osoitteeseen lilith@lilith.fi tai postitse osoitteeseen Rihkamakatu 4 A, 06100 Porvoo.<\/p>\n                    <p>\n                      <br>\n                    <\/p>\n                  <\/div>\n                <\/div>\n                <div data-colibri-id=\"183-c6\" class=\"h-x-container style-607 style-local-183-c6 position-relative h-element\">\n                  <!---->\n                  <div class=\"h-x-container-inner style-dynamic-183-c6-group style-607-spacing style-local-183-c6-spacing\"><span class=\"h-link__outer style-608-outer style-local-183-c7-outer d-inline-flex h-element\"><a h-use-smooth-scroll=\"true\" href=\"https:\/\/www.lilith.fi\/ajankohtaista\/tietosuojaseloste\/\"  data-colibri-id=\"183-c7\" class=\"d-flex w-100 align-items-center h-link style-608 style-local-183-c7 position-relative\"><!----><span  class=\"h-svg-icon h-link__icon style-608-icon style-local-183-c7-icon\"><!--Icon by Icons8 Line Awesome (https:\/\/icons8.com\/line-awesome)--><svg version=\"1.1\" xmlns=\"http:\/\/www.w3.org\/2000\/svg\" xmlns:xlink=\"http:\/\/www.w3.org\/1999\/xlink\" id=\"link\" viewBox=\"0 0 512 545.5\"><path d=\"M348 96c26.736 0 51.603 10.572 70.5 29.5 18.912 18.912 29.5 43.764 29.5 70.5s-10.588 52.088-29.5 71L395 290.5c-18.896 18.928-44.264 29.5-71 29.5-12.688 0-25.044-2.44-36.5-7l26-26c3.44.608 6.916 1 10.5 1 18.208 0 35.62-7.12 48.5-20l23.5-23.5c26.56-26.56 26.56-69.956 0-96.5-12.864-12.88-29.808-20-48-20-18.208 0-35.636 7.104-48.5 20L276 171.5c-15.952 15.935-22.264 38.28-19 59l-26 26c-4.56-11.456-7-23.796-7-36.5 0-26.736 10.588-52.088 29.5-71l23.5-23.5c18.896-18.928 44.264-29.5 71-29.5zm-39.5 116.5l23 23-128 128-23-23zM188 256c12.688 0 25.044 2.44 36.5 7l-26 26c-3.44-.608-6.916-1-10.5-1-18.208 0-35.62 7.12-48.5 20L116 331.5c-26.56 26.56-26.56 69.956 0 96.5 12.864 12.88 29.808 20 48 20 18.208 0 35.636-7.104 48.5-20l23.5-23.5c15.952-15.935 22.264-38.28 19-59l26-26c4.56 11.456 7 23.796 7 36.5 0 26.736-10.588 52.088-29.5 71L235 450.5c-18.896 18.928-44.264 29.5-71 29.5s-51.603-10.572-70.5-29.5C74.588 431.588 64 406.736 64 380s10.588-52.088 29.5-71l23.5-23.5c18.896-18.928 44.264-29.5 71-29.5z\"><\/path><\/svg><\/span>                    <span>Tietosuojaseloste Lilithin sivulla<\/span><\/a>\n                    <\/span>\n                  <\/div>\n                <\/div>\n              <\/div>\n            <\/div>\n          <\/div>\n        <\/div>\n      <\/div>\n    <\/div>\n  <\/div>\n<\/div>","protected":false},"excerpt":{"rendered":"<p>Osuuskunta Lilithin tietosuojaseloste 24.5.2018&nbsp;&nbsp; Ajankohtaista L EU:n yleisen tietosuoja-asetuksen (679\/2016) mukainen versio Rekisterinpit\u00e4j\u00e4 Osuuskunta Lilith Y-tunnus: 10838833-5 Osoite: Rihkamakatu 4 A, 06100 Porvoo Puh.: +358 (0) 45 617 4114 S\u00e4hk\u00f6posti: lilith@lilith.fi Tietosuoja-asioista vastaava yhteyshenkil\u00f6 Tommi Viitamies Henkil\u00f6rekisterin nimi Asiakasrekisteri Rekisterin sis\u00e4lt\u00e4m\u00e4t tiedot Henkil\u00f6n nimi Laskutusosoite Puhelinnumero S\u00e4hk\u00f6postiosoite Henkil\u00f6tietojen k\u00e4sittelyn peruste ja tarkoitus Henkil\u00f6tietojen k\u00e4sittelyn oikeusperusteena [&hellip;]<\/p>\n","protected":false},"author":1,"featured_media":0,"parent":0,"menu_order":0,"comment_status":"closed","ping_status":"closed","template":"page-templates\/full-width-page.php","meta":{"om_disable_all_campaigns":false,"_monsterinsights_skip_tracking":false,"_monsterinsights_sitenote_active":false,"_monsterinsights_sitenote_note":"","_monsterinsights_sitenote_category":0,"_uf_show_specific_survey":0,"_uf_disable_surveys":false,"footnotes":""},"class_list":["post-183","page","type-page","status-publish","hentry"],"aioseo_notices":[],"_links":{"self":[{"href":"https:\/\/kuvataideterapia.fi\/index.php\/wp-json\/wp\/v2\/pages\/183","targetHints":{"allow":["GET"]}}],"collection":[{"href":"https:\/\/kuvataideterapia.fi\/index.php\/wp-json\/wp\/v2\/pages"}],"about":[{"href":"https:\/\/kuvataideterapia.fi\/index.php\/wp-json\/wp\/v2\/types\/page"}],"author":[{"embeddable":true,"href":"https:\/\/kuvataideterapia.fi\/index.php\/wp-json\/wp\/v2\/users\/1"}],"replies":[{"embeddable":true,"href":"https:\/\/kuvataideterapia.fi\/index.php\/wp-json\/wp\/v2\/comments?post=183"}],"version-history":[{"count":3,"href":"https:\/\/kuvataideterapia.fi\/index.php\/wp-json\/wp\/v2\/pages\/183\/revisions"}],"predecessor-version":[{"id":399,"href":"https:\/\/kuvataideterapia.fi\/index.php\/wp-json\/wp\/v2\/pages\/183\/revisions\/399"}],"wp:attachment":[{"href":"https:\/\/kuvataideterapia.fi\/index.php\/wp-json\/wp\/v2\/media?parent=183"}],"curies":[{"name":"wp","href":"https:\/\/api.w.org\/{rel}","templated":true}]}}