{"id":181,"date":"2024-02-04T20:23:23","date_gmt":"2024-02-04T18:23:23","guid":{"rendered":"https:\/\/kuvataideterapia.fi\/?page_id=181"},"modified":"2024-03-08T19:39:56","modified_gmt":"2024-03-08T17:39:56","slug":"kauppa","status":"publish","type":"page","link":"https:\/\/kuvataideterapia.fi\/index.php\/kauppa\/","title":{"rendered":"Kauppa"},"content":{"rendered":"<div data-colibri-id=\"181-c1\" class=\"style-581 style-local-181-c1 position-relative\">\n  <!---->\n  <div data-colibri-component=\"section\" data-colibri-id=\"181-c2\" id=\"about\" class=\"h-section h-section-global-spacing d-flex align-items-lg-center align-items-md-center align-items-center style-582 style-local-181-c2 position-relative\">\n    <!---->\n    <!---->\n    <div class=\"h-section-grid-container h-section-boxed-container\">\n      <!---->\n      <div data-colibri-id=\"181-c3\" class=\"h-row-container gutters-row-lg-2 gutters-row-md-2 gutters-row-2 gutters-row-v-lg-2 gutters-row-v-md-2 gutters-row-v-2 style-583 style-local-181-c3 position-relative\">\n        <!---->\n        <div class=\"h-row justify-content-lg-center justify-content-md-center justify-content-center align-items-lg-stretch align-items-md-stretch align-items-stretch gutters-col-lg-2 gutters-col-md-2 gutters-col-2 gutters-col-v-lg-2 gutters-col-v-md-2 gutters-col-v-2\">\n          <!---->\n          <div class=\"h-column h-column-container d-flex h-col-lg-auto h-col-md-auto h-col-auto style-584-outer style-local-181-c4-outer\">\n            <div data-colibri-id=\"181-c4\" class=\"d-flex h-flex-basis h-column__inner h-px-lg-2 h-px-md-2 h-px-2 v-inner-lg-2 v-inner-md-2 v-inner-2 style-584 style-local-181-c4 position-relative\">\n              <!---->\n              <!---->\n              <div class=\"w-100 h-y-container h-column__content h-column__v-align flex-basis-100 align-self-lg-center align-self-md-center align-self-center\">\n                <!---->\n                <div data-colibri-id=\"181-c5\" class=\"h-global-transition-all h-heading style-585 style-local-181-c5 position-relative h-element\">\n                  <!---->\n                  <div class=\"h-heading__outer style-585 style-local-181-c5\">\n                    <!---->\n                    <!---->\n                    <h5 class=\"\">KAUPPA<\/h5>\n                  <\/div>\n                <\/div>\n                <div data-colibri-id=\"181-c6\" class=\"h-global-transition-all h-heading style-586 style-local-181-c6 position-relative h-element\">\n                  <!---->\n                  <div class=\"h-heading__outer style-586 style-local-181-c6\">\n                    <!---->\n                    <!---->\n                    <h2 class=\"\">Kauppa aukeaa my\u00f6hemmin<\/h2>\n                  <\/div>\n                <\/div>\n                <div data-colibri-id=\"181-c7\" class=\"h-text h-text-component style-587 style-local-181-c7 position-relative h-element\">\n                  <!---->\n                  <!---->\n                  <div class=\"\">\n                    <p>Toistaiseksi saat tehty\u00e4 tilauksen helpoimmin ottamalla yhteytt\u00e4:\n                      <br>tiina@kuvataideterapia.fi.<\/p>\n                  <\/div>\n                <\/div>\n              <\/div>\n            <\/div>\n          <\/div>\n          <div class=\"h-column h-column-container d-flex h-col-lg-auto h-col-md-auto h-col-auto style-590-outer style-local-181-c8-outer\">\n            <div data-colibri-id=\"181-c8\" class=\"d-flex h-flex-basis h-column__inner h-px-lg-2 h-px-md-2 h-px-2 v-inner-lg-2 v-inner-md-2 v-inner-2 style-590 style-local-181-c8 position-relative\">\n              <!---->\n              <!---->\n              <div class=\"w-100 h-y-container h-column__content h-column__v-align flex-basis-100 align-self-lg-center align-self-md-center align-self-center\">\n                <!---->\n                <div data-colibri-id=\"181-c9\" class=\"d-block style-591 style-local-181-c9 position-relative h-element\">\n                  <!---->\n                  <div class=\"h-image__frame-container-outer\">\n                    <div class=\"h-image__frame-container\">\n                      <!---->\n                      <!---->\n                      <img loading=\"lazy\" decoding=\"async\" width=\"1280\" height=\"905\" src=\"https:\/\/kuvataideterapia.fi\/wp-content\/uploads\/2024\/02\/diary-3233372_1280.jpg\" class=\"wp-image-143 style-591-image style-local-181-c9-image\" alt=\"Kuvassa tyhj\u00e4 vihko, puhelin ja kyni\u00e4.\" \/>\n                      <div class=\"h-image__frame h-hide-lg h-hide-md h-hide-sm style-591-frameImage style-local-181-c9-frameImage\"><\/div>\n                    <\/div>\n                  <\/div>\n                <\/div>\n              <\/div>\n            <\/div>\n          <\/div>\n        <\/div>\n      <\/div>\n    <\/div>\n  <\/div>\n  <div data-colibri-component=\"section\" data-colibri-id=\"181-c17\" id=\"reusable-sections\" class=\"h-section h-section-global-spacing d-flex align-items-lg-center align-items-md-center align-items-center style-680 style-local-181-c17 position-relative\">\n    <!---->\n    <!---->\n    <div class=\"h-section-grid-container h-section-fluid-container\">\n      <!---->\n      <div data-colibri-id=\"181-c18\" class=\"h-row-container gutters-row-lg-0 gutters-row-md-0 gutters-row-2 gutters-row-v-lg-0 gutters-row-v-md-0 gutters-row-v-2 style-681 style-local-181-c18 position-relative\">\n        <!---->\n        <div class=\"h-row justify-content-lg-center justify-content-md-center justify-content-center align-items-lg-stretch align-items-md-stretch align-items-stretch gutters-col-lg-0 gutters-col-md-0 gutters-col-2 gutters-col-v-lg-0 gutters-col-v-md-0 gutters-col-v-2\">\n          <!---->\n          <div class=\"h-column h-column-container d-flex h-col-lg-3 h-col-md-3 h-col-12 style-682-outer style-local-181-c19-outer\">\n            <div data-colibri-id=\"181-c19\" class=\"d-flex h-flex-basis h-column__inner h-px-lg-3 h-px-md-3 h-px-2 v-inner-lg-3 v-inner-md-3 v-inner-2 style-682 style-local-181-c19 position-relative\">\n              <!---->\n              <!---->\n              <div class=\"w-100 h-y-container h-column__content h-column__v-align flex-basis-100 align-self-lg-start align-self-md-start align-self-start\">\n                <!---->\n                <div data-colibri-id=\"181-c20\" class=\"h-icon style-683 style-local-181-c20 position-relative h-element\">\n                  <!----><span class=\"h-svg-icon h-icon__icon style-683-icon style-local-181-c20-icon\"><!--Icon by Font Awesome (https:\/\/fontawesome.com)-->\n    <svg version=\"1.1\" xmlns=\"http:\/\/www.w3.org\/2000\/svg\" xmlns:xlink=\"http:\/\/www.w3.org\/1999\/xlink\" id=\"paint-brush\" viewBox=\"0 0 1792 1896.0833\">\n      <path d=\"M1615 0q70 0 122.5 46.5T1790 163q0 63-45 151-332 629-465 752-97 91-218 91-126 0-216.5-92.5T755 845q0-128 92-212l638-579q59-54 130-54zM706 1034q39 76 106.5 130t150.5 76l1 71q4 213-129.5 347T486 1792q-123 0-218-46.5T115.5 1618 29 1435 0 1215q7 5 41 30t62 44.5 59 36.5 46 17q41 0 55-37 25-66 57.5-112.5t69.5-76 88-47.5 103-25.5 125-10.5z\"><\/path>\n    <\/svg><\/span><\/div>\n                <div data-colibri-id=\"181-c21\" class=\"h-global-transition-all h-heading style-684 style-local-181-c21 position-relative h-element\">\n                  <!---->\n                  <div class=\"h-heading__outer style-684 style-local-181-c21\">\n                    <!---->\n                    <!---->\n                    <h5 class=\"\">kokemuksia<\/h5>\n                  <\/div>\n                <\/div>\n                <div data-colibri-id=\"181-c22\" class=\"h-x-container style-685 style-local-181-c22 position-relative h-element\">\n                  <!---->\n                  <div class=\"h-x-container-inner style-dynamic-181-c22-group style-685-spacing style-local-181-c22-spacing\"><span class=\"h-link__outer style-686-outer style-local-181-c23-outer d-inline-flex h-element\"><a h-use-smooth-scroll=\"true\" href=\" https:\/\/kuvataideterapia.fi\/index.php\/kokemuksia\/\"  data-colibri-id=\"181-c23\" class=\"d-flex w-100 align-items-center h-link style-686 style-local-181-c23 position-relative\"><!----><!----> <span>Kokemuksia palveluista<\/span><\/a>\n                    <\/span>\n                  <\/div>\n                <\/div>\n              <\/div>\n            <\/div>\n          <\/div>\n          <div class=\"h-column h-column-container d-flex h-col-lg-3 h-col-md-3 h-col-12 style-682-outer style-local-181-c24-outer\">\n            <div data-colibri-id=\"181-c24\" class=\"d-flex h-flex-basis h-column__inner h-px-lg-3 h-px-md-3 h-px-2 v-inner-lg-3 v-inner-md-3 v-inner-2 style-682 style-local-181-c24 position-relative\">\n              <!---->\n              <!---->\n              <div class=\"w-100 h-y-container h-column__content h-column__v-align flex-basis-100 align-self-lg-start align-self-md-start align-self-start\">\n                <!---->\n                <div data-colibri-id=\"181-c25\" class=\"h-icon style-683 style-local-181-c25 position-relative h-element\">\n                  <!----><span class=\"h-svg-icon h-icon__icon style-683-icon style-local-181-c25-icon\"><!--Icon by Font Awesome (https:\/\/fontawesome.com)-->\n    <svg version=\"1.1\" xmlns=\"http:\/\/www.w3.org\/2000\/svg\" xmlns:xlink=\"http:\/\/www.w3.org\/1999\/xlink\" id=\"envelope-o\" viewBox=\"0 0 1792 1896.0833\">\n      <path d=\"M1664 1504V736q-32 36-69 66-268 206-426 338-51 43-83 67t-86.5 48.5T897 1280h-2q-48 0-102.5-24.5T706 1207t-83-67q-158-132-426-338-37-30-69-66v768q0 13 9.5 22.5t22.5 9.5h1472q13 0 22.5-9.5t9.5-22.5zm0-1051v-24.5l-.5-13-3-12.5-5.5-9-9-7.5-14-2.5H160q-13 0-22.5 9.5T128 416q0 168 147 284 193 152 401 317 6 5 35 29.5t46 37.5 44.5 31.5T852 1143t43 9h2q20 0 43-9t50.5-27.5 44.5-31.5 46-37.5 35-29.5q208-165 401-317 54-43 100.5-115.5T1664 453zm128-37v1088q0 66-47 113t-113 47H160q-66 0-113-47T0 1504V416q0-66 47-113t113-47h1472q66 0 113 47t47 113z\"><\/path>\n    <\/svg><\/span><\/div>\n                <div data-colibri-id=\"181-c26\" class=\"h-global-transition-all h-heading style-684 style-local-181-c26 position-relative h-element\">\n                  <!---->\n                  <div class=\"h-heading__outer style-684 style-local-181-c26\">\n                    <!---->\n                    <!---->\n                    <h5 class=\"\">Yhteystiedot<\/h5>\n                  <\/div>\n                <\/div>\n                <div data-colibri-id=\"181-c27\" class=\"h-text h-text-component style-687 style-local-181-c27 position-relative h-element\">\n                  <!---->\n                  <!---->\n                  <div class=\"\">\n                    <p>tiina@kuvataideterapia.fi<\/p>\n                  <\/div>\n                <\/div>\n                <div data-colibri-id=\"181-c28\" class=\"h-x-container style-688 style-local-181-c28 position-relative h-element\">\n                  <!---->\n                  <div class=\"h-x-container-inner style-dynamic-181-c28-group style-688-spacing style-local-181-c28-spacing\"><span class=\"h-link__outer style-689-outer style-local-181-c29-outer d-inline-flex h-element\"><a h-use-smooth-scroll=\"true\" href=\"https:\/\/www.facebook.com\/tiinakuvataideterapeutti\/\"  data-colibri-id=\"181-c29\" class=\"d-flex w-100 align-items-center h-link style-689 style-local-181-c29 position-relative\"><!----><span  class=\"h-svg-icon h-link__icon style-689-icon style-local-181-c29-icon\"><!--Icon by Font Awesome (https:\/\/fontawesome.com)-->\n    <svg version=\"1.1\" xmlns=\"http:\/\/www.w3.org\/2000\/svg\" xmlns:xlink=\"http:\/\/www.w3.org\/1999\/xlink\" id=\"facebook-square\" viewBox=\"0 0 1536 1896.0833\">\n      <path d=\"M1248 128q119 0 203.5 84.5T1536 416v960q0 119-84.5 203.5T1248 1664h-188v-595h199l30-232h-229V689q0-56 23.5-84t91.5-28l122-1V369q-63-9-178-9-136 0-217.5 80T820 666v171H620v232h200v595H288q-119 0-203.5-84.5T0 1376V416q0-119 84.5-203.5T288 128h960z\"><\/path>\n    <\/svg><\/span> <span>Facebook<\/span><\/a>\n                    <\/span><span class=\"h-link__outer style-690-outer style-local-181-c30-outer d-inline-flex h-element\"><a h-use-smooth-scroll=\"true\" href=\"https:\/\/www.instagram.com\/tiinakuvataideterapeutti\/\"  data-colibri-id=\"181-c30\" class=\"d-flex w-100 align-items-center h-link style-690 style-local-181-c30 position-relative\"><!----><span  class=\"h-svg-icon h-link__icon style-690-icon style-local-181-c30-icon\"><!--Icon by Font Awesome (https:\/\/fontawesome.com)-->\n    <svg version=\"1.1\" xmlns=\"http:\/\/www.w3.org\/2000\/svg\" xmlns:xlink=\"http:\/\/www.w3.org\/1999\/xlink\" id=\"instagram\" viewBox=\"0 0 1536 1896.0833\">\n      <path d=\"M1024 896q0-106-75-181t-181-75-181 75-75 181 75 181 181 75 181-75 75-181zm138 0q0 164-115 279t-279 115-279-115-115-279 115-279 279-115 279 115 115 279zm108-410q0 38-27 65t-65 27-65-27-27-65 27-65 65-27 65 27 27 65zM768 266q-7 0-76.5-.5t-105.5 0-96.5 3-103 10T315 297q-50 20-88 58t-58 88q-11 29-18.5 71.5t-10 103-3 96.5 0 105.5.5 76.5-.5 76.5 0 105.5 3 96.5 10 103T169 1349q20 50 58 88t88 58q29 11 71.5 18.5t103 10 96.5 3 105.5 0 76.5-.5 76.5.5 105.5 0 96.5-3 103-10 71.5-18.5q50-20 88-58t58-88q11-29 18.5-71.5t10-103 3-96.5 0-105.5-.5-76.5.5-76.5 0-105.5-3-96.5-10-103T1367 443q-20-50-58-88t-88-58q-29-11-71.5-18.5t-103-10-96.5-3-105.5 0-76.5.5zm768 630q0 229-5 317-10 208-124 322t-322 124q-88 5-317 5t-317-5q-208-10-322-124T5 1213q-5-88-5-317t5-317q10-208 124-322t322-124q88-5 317-5t317 5q208 10 322 124t124 322q5 88 5 317z\"><\/path>\n    <\/svg><\/span> <span> Instagram<\/span><\/a>\n                    <\/span>\n                  <\/div>\n                <\/div>\n              <\/div>\n            <\/div>\n          <\/div>\n          <div class=\"h-column h-column-container d-flex h-col-lg-3 h-col-md-3 h-col-12 style-691-outer style-local-181-c31-outer\">\n            <div data-colibri-id=\"181-c31\" class=\"d-flex h-flex-basis h-column__inner h-px-lg-2 h-px-md-2 h-px-2 v-inner-lg-2 v-inner-md-2 v-inner-2 style-691 style-local-181-c31 position-relative\">\n              <!---->\n              <!---->\n              <div class=\"w-100 h-y-container h-column__content h-column__v-align flex-basis-100 align-self-lg-start align-self-md-start align-self-start\">\n                <!---->\n                <div data-colibri-id=\"181-c32\" class=\"h-icon style-692 style-local-181-c32 position-relative h-element\">\n                  <!----><span class=\"h-svg-icon h-icon__icon style-692-icon style-local-181-c32-icon\"><!--Icon by Socicon (http:\/\/www.socicon.com)--><svg version=\"1.1\" xmlns=\"http:\/\/www.w3.org\/2000\/svg\" viewBox=\"0 0 1500 1500\">\n\n<path d=\"M724.5 324c114 1.5 222 49.5 301.5 132v0c-3-34.5 22.5-64.5 58.5-67.5 1.5 0 3 0 3 0h9c37.5 1.5 67.5 31.5 67.5 70.5 0 0 0 0 0 0v598.5c-3 21 10.5 40.5 31.5 45 12 1.5 24-1.5 33-10.5 94.5-99 208.5-508.5-58.5-745.5-214.5-187.5-525-213-765-60-217.5 160.5-297 450-193.5 699 127.5 300 495 388.5 714 300 111-45 162 106.5 46.5 156-174 75-655.5 67.5-882-328.5-151.5-267-142.5-736.5 261-979.5 310.5-186 709.5-135 963 124.5 256.5 271.5 241.5 780-9 978-76.5 58.5-186 45-244.5-33-21-28.5-34.5-61.5-36-96l-1.5-42c-79.5 81-186 126-298.5 126-237-3-426-196.5-426-433.5s189-429 426-433.5c0 0 0 0 0 0zM1009.5 742.5c-1.5-150-123-270-273-268.5-3 0-4.5 0-7.5 0h-6c-171 0-267 136.5-267 291 0 174 115.5 283.5 265.5 283.5 154.5 3 282-118.5 286.5-271.5 1.5 0 1.5-34.5 1.5-34.5z\"><\/path>\n<\/svg>\n<\/span><\/div>\n                <div data-colibri-id=\"181-c33\" class=\"h-x-container style-693 style-local-181-c33 position-relative h-element\">\n                  <!---->\n                  <div class=\"h-x-container-inner style-dynamic-181-c33-group style-693-spacing style-local-181-c33-spacing\"><span class=\"h-link__outer style-694-outer style-local-181-c34-outer d-inline-flex h-element\"><a h-use-smooth-scroll=\"true\" href=\"https:\/\/mailchi.mp\/756ac05ac583\/kuvataidetrapiafi\"  data-colibri-id=\"181-c34\" class=\"d-flex w-100 align-items-center h-link style-694 style-local-181-c34 position-relative\"><!----><span  class=\"h-svg-icon h-link__icon style-694-icon style-local-181-c34-icon\"><!--Icon by Font Awesome (https:\/\/fontawesome.com)-->\n    <svg version=\"1.1\" xmlns=\"http:\/\/www.w3.org\/2000\/svg\" xmlns:xlink=\"http:\/\/www.w3.org\/1999\/xlink\" id=\"link\" viewBox=\"0 0 1664 1896.0833\">\n      <path d=\"M1456 1216q0-40-28-68l-208-208q-28-28-68-28-42 0-72 32 3 3 19 18.5t21.5 21.5 15 19 13 25.5 3.5 27.5q0 40-28 68t-68 28q-15 0-27.5-3.5t-25.5-13-19-15-21.5-21.5-18.5-19q-33 31-33 73 0 40 28 68l206 207q27 27 68 27 40 0 68-26l147-146q28-28 28-67zM753 511q0-40-28-68L519 236q-28-28-68-28-39 0-68 27L236 381q-28 28-28 67 0 40 28 68l208 208q27 27 68 27 42 0 72-31-3-3-19-18.5T543.5 680t-15-19-13-25.5T512 608q0-40 28-68t68-28q15 0 27.5 3.5t25.5 13 19 15 21.5 21.5 18.5 19q33-31 33-73zm895 705q0 120-85 203l-147 146q-83 83-203 83-121 0-204-85l-206-207q-83-83-83-203 0-123 88-209l-88-88q-86 88-208 88-120 0-204-84L100 652q-84-84-84-204t85-203L248 99q83-83 203-83 121 0 204 85l206 207q83 83 83 203 0 123-88 209l88 88q86-88 208-88 120 0 204 84l208 208q84 84 84 204z\"><\/path>\n    <\/svg><\/span> <span>Liity s\u00e4hk\u00f6postilistalle niin kuulet ensimm\u00e4isen\u00e4 uusista tapahtumista!<\/span><\/a>\n                    <\/span>\n                  <\/div>\n                <\/div>\n              <\/div>\n            <\/div>\n          <\/div>\n          <div class=\"h-column h-column-container d-flex h-col-lg-3 h-col-md-3 h-col-12 style-695-outer style-local-181-c35-outer\">\n            <div data-colibri-id=\"181-c35\" class=\"d-flex h-flex-basis h-column__inner h-px-lg-2 h-px-md-2 h-px-2 v-inner-lg-2 v-inner-md-2 v-inner-2 style-695 style-local-181-c35 position-relative\">\n              <!---->\n              <!---->\n              <div class=\"w-100 h-y-container h-column__content h-column__v-align flex-basis-100 align-self-lg-start align-self-md-start align-self-start\">\n                <!---->\n                <div data-colibri-id=\"181-c36\" class=\"h-icon style-696 style-local-181-c36 position-relative h-element\">\n                  <!----><span class=\"h-svg-icon h-icon__icon style-696-icon style-local-181-c36-icon\"><!--Icon by Font Awesome (https:\/\/fontawesome.com)-->\n    <svg version=\"1.1\" xmlns=\"http:\/\/www.w3.org\/2000\/svg\" xmlns:xlink=\"http:\/\/www.w3.org\/1999\/xlink\" id=\"group\" viewBox=\"0 0 1920 1896.0833\">\n      <path d=\"M593 896q-162 5-265 128H194q-82 0-138-40.5T0 865q0-353 124-353 6 0 43.5 21t97.5 42.5T384 597q67 0 133-23-5 37-5 66 0 139 81 256zm1071 637q0 120-73 189.5t-194 69.5H523q-121 0-194-69.5T256 1533q0-53 3.5-103.5t14-109T300 1212t43-97.5 62-81 85.5-53.5T602 960q10 0 43 21.5t73 48 107 48 135 21.5 135-21.5 107-48 73-48 43-21.5q61 0 111.5 20t85.5 53.5 62 81 43 97.5 26.5 108.5 14 109 3.5 103.5zM640 256q0 106-75 181t-181 75-181-75-75-181 75-181T384 0t181 75 75 181zm704 384q0 159-112.5 271.5T960 1024 688.5 911.5 576 640t112.5-271.5T960 256t271.5 112.5T1344 640zm576 225q0 78-56 118.5t-138 40.5h-134q-103-123-265-128 81-117 81-256 0-29-5-66 66 23 133 23 59 0 119-21.5t97.5-42.5 43.5-21q124 0 124 353zm-128-609q0 106-75 181t-181 75-181-75-75-181 75-181 181-75 181 75 75 181z\"><\/path>\n    <\/svg><\/span><\/div>\n                <div data-colibri-id=\"181-c37\" class=\"h-x-container style-697 style-local-181-c37 position-relative h-element\">\n                  <!---->\n                  <div class=\"h-x-container-inner style-dynamic-181-c37-group style-697-spacing style-local-181-c37-spacing\"><span class=\"h-link__outer style-698-outer style-local-181-c38-outer d-inline-flex h-element\"><a h-use-smooth-scroll=\"true\" href=\"https:\/\/www.lilith.fi\/tekijat\/tiina-hamalainen\/\"  data-colibri-id=\"181-c38\" class=\"d-flex w-100 align-items-center h-link style-698 style-local-181-c38 position-relative\"><!----><!----> <span>Lilith osuuskunnan sivulle<\/span><\/a>\n                    <\/span>\n                  <\/div>\n                <\/div>\n              <\/div>\n            <\/div>\n          <\/div>\n        <\/div>\n      <\/div>\n    <\/div>\n  <\/div>\n<\/div>","protected":false},"excerpt":{"rendered":"<p>KAUPPA Kauppa aukeaa my\u00f6hemmin Toistaiseksi saat tehty\u00e4 tilauksen helpoimmin ottamalla yhteytt\u00e4: tiina@kuvataideterapia.fi. kokemuksia Kokemuksia palveluista Yhteystiedot tiina@kuvataideterapia.fi Facebook Instagram Liity s\u00e4hk\u00f6postilistalle niin kuulet ensimm\u00e4isen\u00e4 uusista tapahtumista! Lilith osuuskunnan sivulle<\/p>\n","protected":false},"author":1,"featured_media":0,"parent":0,"menu_order":0,"comment_status":"closed","ping_status":"closed","template":"page-templates\/full-width-page.php","meta":{"om_disable_all_campaigns":false,"_monsterinsights_skip_tracking":false,"_monsterinsights_sitenote_active":false,"_monsterinsights_sitenote_note":"","_monsterinsights_sitenote_category":0,"_uf_show_specific_survey":0,"_uf_disable_surveys":false,"footnotes":""},"class_list":["post-181","page","type-page","status-publish","hentry"],"aioseo_notices":[],"_links":{"self":[{"href":"https:\/\/kuvataideterapia.fi\/index.php\/wp-json\/wp\/v2\/pages\/181","targetHints":{"allow":["GET"]}}],"collection":[{"href":"https:\/\/kuvataideterapia.fi\/index.php\/wp-json\/wp\/v2\/pages"}],"about":[{"href":"https:\/\/kuvataideterapia.fi\/index.php\/wp-json\/wp\/v2\/types\/page"}],"author":[{"embeddable":true,"href":"https:\/\/kuvataideterapia.fi\/index.php\/wp-json\/wp\/v2\/users\/1"}],"replies":[{"embeddable":true,"href":"https:\/\/kuvataideterapia.fi\/index.php\/wp-json\/wp\/v2\/comments?post=181"}],"version-history":[{"count":4,"href":"https:\/\/kuvataideterapia.fi\/index.php\/wp-json\/wp\/v2\/pages\/181\/revisions"}],"predecessor-version":[{"id":566,"href":"https:\/\/kuvataideterapia.fi\/index.php\/wp-json\/wp\/v2\/pages\/181\/revisions\/566"}],"wp:attachment":[{"href":"https:\/\/kuvataideterapia.fi\/index.php\/wp-json\/wp\/v2\/media?parent=181"}],"curies":[{"name":"wp","href":"https:\/\/api.w.org\/{rel}","templated":true}]}}